{"id":96,"date":"2025-07-21T18:38:49","date_gmt":"2025-07-21T18:38:49","guid":{"rendered":"http:\/\/mkyu-safe.fr\/?post_type=product&#038;p=96"},"modified":"2025-08-10T01:29:48","modified_gmt":"2025-08-10T01:29:48","slug":"acompte-depannage","status":"publish","type":"product","link":"https:\/\/mkyu-safe.fr\/?product=acompte-depannage","title":{"rendered":"Acompte 25 km"},"content":{"rendered":"<p data-start=\"182\" data-end=\"413\">Un acompte correspond \u00e0 un <strong data-start=\"209\" data-end=\"249\">paiement partiel effectu\u00e9 \u00e0 l\u2019avance<\/strong> pour confirmer et planifier une intervention de d\u00e9pannage ou de remorquage. Il permet de garantir la r\u00e9servation du service et la mobilisation rapide d\u2019une \u00e9quipe.<\/p>\n<h4 data-start=\"415\" data-end=\"447\">Ce que comprend l&rsquo;acompte :<\/h4>\n<ul data-start=\"448\" data-end=\"643\">\n<li data-start=\"448\" data-end=\"488\">\n<p data-start=\"450\" data-end=\"488\"><strong data-start=\"450\" data-end=\"486\">La prise en charge de la demande<\/strong><\/p>\n<\/li>\n<li data-start=\"489\" data-end=\"573\">\n<p data-start=\"491\" data-end=\"573\"><strong data-start=\"491\" data-end=\"529\">La planification de l\u2019intervention<\/strong> (date, lieu, disponibilit\u00e9 du remorqueur)<\/p>\n<\/li>\n<li data-start=\"574\" data-end=\"643\">\n<p data-start=\"576\" data-end=\"643\"><strong data-start=\"576\" data-end=\"643\">La garantie de mobilisation du v\u00e9hicule de d\u00e9pannage\/remorquage<\/strong><\/p>\n<\/li>\n<\/ul>\n<h4 data-start=\"645\" data-end=\"660\">\u00c0 savoir :<\/h4>\n<ul data-start=\"661\" data-end=\"920\">\n<li data-start=\"661\" data-end=\"736\">\n<p data-start=\"663\" data-end=\"736\">Le montant de l\u2019acompte est <strong data-start=\"691\" data-end=\"716\">d\u00e9duit du total final<\/strong> de la prestation.<\/p>\n<\/li>\n<li data-start=\"737\" data-end=\"855\">\n<p data-start=\"739\" data-end=\"855\">En cas d\u2019annulation tardive de votre part, l\u2019acompte peut \u00eatre <strong data-start=\"802\" data-end=\"822\">non remboursable<\/strong>, selon les conditions pr\u00e9vues.<\/p>\n<\/li>\n<li data-start=\"856\" data-end=\"920\">\n<p data-start=\"858\" data-end=\"920\">Il sert \u00e9galement \u00e0 \u00e9viter les annulations de derni\u00e8re minute.<\/p>\n<\/li>\n<\/ul>\n","protected":false},"excerpt":{"rendered":"<p>Un acompte correspond \u00e0 un paiement partiel effectu\u00e9 \u00e0 l\u2019avance pour confirmer et planifier une intervention de d\u00e9pannage ou de remorquage. Il permet de garantir la r\u00e9servation du service et&#8230;<\/p>\n","protected":false},"featured_media":36,"comment_status":"open","ping_status":"closed","template":"","meta":{"_kadence_starter_templates_imported_post":false,"_kad_post_transparent":"default","_kad_post_title":"","_kad_post_layout":"default","_kad_post_sidebar_id":"","_kad_post_content_style":"default","_kad_post_vertical_padding":"default","_kad_post_feature":"","_kad_post_feature_position":"","_kad_post_header":false,"_kad_post_footer":false},"product_brand":[],"product_cat":[15],"product_tag":[],"class_list":{"0":"post-96","1":"product","2":"type-product","3":"status-publish","4":"has-post-thumbnail","6":"product_cat-uncategorized","8":"first","9":"instock","10":"shipping-taxable","11":"purchasable","12":"product-type-simple","13":"entry","14":"content-bg","15":"loop-entry"},"jetpack_sharing_enabled":true,"_links":{"self":[{"href":"https:\/\/mkyu-safe.fr\/index.php?rest_route=\/wp\/v2\/product\/96","targetHints":{"allow":["GET"]}}],"collection":[{"href":"https:\/\/mkyu-safe.fr\/index.php?rest_route=\/wp\/v2\/product"}],"about":[{"href":"https:\/\/mkyu-safe.fr\/index.php?rest_route=\/wp\/v2\/types\/product"}],"replies":[{"embeddable":true,"href":"https:\/\/mkyu-safe.fr\/index.php?rest_route=%2Fwp%2Fv2%2Fcomments&post=96"}],"wp:featuredmedia":[{"embeddable":true,"href":"https:\/\/mkyu-safe.fr\/index.php?rest_route=\/wp\/v2\/media\/36"}],"wp:attachment":[{"href":"https:\/\/mkyu-safe.fr\/index.php?rest_route=%2Fwp%2Fv2%2Fmedia&parent=96"}],"wp:term":[{"taxonomy":"product_brand","embeddable":true,"href":"https:\/\/mkyu-safe.fr\/index.php?rest_route=%2Fwp%2Fv2%2Fproduct_brand&post=96"},{"taxonomy":"product_cat","embeddable":true,"href":"https:\/\/mkyu-safe.fr\/index.php?rest_route=%2Fwp%2Fv2%2Fproduct_cat&post=96"},{"taxonomy":"product_tag","embeddable":true,"href":"https:\/\/mkyu-safe.fr\/index.php?rest_route=%2Fwp%2Fv2%2Fproduct_tag&post=96"}],"curies":[{"name":"wp","href":"https:\/\/api.w.org\/{rel}","templated":true}]}}